{"id":6,"date":"2026-04-30T23:21:03","date_gmt":"2026-04-30T23:21:03","guid":{"rendered":"http:\/\/www.erplink.com.tr\/?page_id=6"},"modified":"2026-05-04T15:54:12","modified_gmt":"2026-05-04T15:54:12","slug":"ana-sayfa","status":"publish","type":"page","link":"https:\/\/www.erplink.com.tr\/","title":{"rendered":"Ana Sayfa"},"content":{"rendered":"\n<div class=\"wp-block-cover alignfull\"><img loading=\"lazy\" decoding=\"async\" width=\"1024\" height=\"683\" class=\"wp-block-cover__image-background wp-image-57\" alt=\"\" src=\"http:\/\/www.erplink.com.tr\/wp-content\/uploads\/2026\/05\/photo-1492724441997-5dc865305da7-1-1024x683.jpg\" style=\"object-position:50% 50%\" data-object-fit=\"cover\" data-object-position=\"50% 50%\" srcset=\"https:\/\/www.erplink.com.tr\/wp-content\/uploads\/2026\/05\/photo-1492724441997-5dc865305da7-1-1024x683.jpg 1024w, https:\/\/www.erplink.com.tr\/wp-content\/uploads\/2026\/05\/photo-1492724441997-5dc865305da7-1-300x200.jpg 300w, https:\/\/www.erplink.com.tr\/wp-content\/uploads\/2026\/05\/photo-1492724441997-5dc865305da7-1-768x512.jpg 768w, https:\/\/www.erplink.com.tr\/wp-content\/uploads\/2026\/05\/photo-1492724441997-5dc865305da7-1-1536x1024.jpg 1536w, https:\/\/www.erplink.com.tr\/wp-content\/uploads\/2026\/05\/photo-1492724441997-5dc865305da7-1-2048x1365.jpg 2048w\" sizes=\"auto, (max-width: 1024px) 100vw, 1024px\" \/><span aria-hidden=\"true\" class=\"wp-block-cover__background has-background-dim\"><\/span><div class=\"wp-block-cover__inner-container is-layout-constrained wp-container-core-cover-is-layout-c8431ee3 wp-block-cover-is-layout-constrained\">\n<div class=\"wp-block-columns is-layout-flex wp-container-core-columns-is-layout-28f84493 wp-block-columns-is-layout-flex\">\n<div class=\"wp-block-column is-layout-flow wp-block-column-is-layout-flow\">\n<h2 class=\"wp-block-heading has-text-align-left has-white-color has-text-color has-link-color has-x-large-font-size wp-elements-ae1d06d95f1286f453874506fc7c0ea1\">ERP, E-Ticaret ve Depo S\u00fcre\u00e7leriniz \u0130\u00e7in<br>S\u00fcre\u00e7 &amp; Entegrasyon Dan\u0131\u015fmanl\u0131\u011f\u0131<\/h2>\n\n\n\n<h2 class=\"wp-block-heading has-white-color has-text-color has-link-color has-medium-font-size wp-elements-dbe25bb43146b46bc3ba5262361d9b60\">Nebim V3 uzmanl\u0131\u011f\u0131m ile ERP, depo, sipari\u015f ve e-ticaret s\u00fcre\u00e7lerinizi daha verimli, entegre ve s\u00fcrd\u00fcr\u00fclebilir hale getiriyorum.<\/h2>\n\n\n\n<div class=\"wp-block-buttons is-layout-flex wp-block-buttons-is-layout-flex\">\n<div class=\"wp-block-button\"><a class=\"wp-block-button__link has-vivid-green-cyan-background-color has-background has-text-align-left wp-element-button\" href=\"https:\/\/wa.me\/905416771191?text=Merhaba%20Nebim%20V3%20ERP%20dan\u0131\u015fmanl\u0131\u011f\u0131%20hakk\u0131nda%20bilgi%20almak%20istiyorum\">\u00dccretsiz \u00d6n G\u00f6r\u00fc\u015fme<\/a><\/div>\n<\/div>\n\n\n\n<p class=\"has-text-align-left has-white-color has-text-color has-link-color has-medium-font-size wp-elements-6b2263f3900a89f5660ad5dcee6fe576\"><\/p>\n<\/div>\n<\/div>\n\n\n\n<p class=\"has-text-align-left has-white-color has-text-color has-link-color has-medium-font-size wp-elements-6b2263f3900a89f5660ad5dcee6fe576\"><\/p>\n<\/div><\/div>\n\n\n\n<p><\/p>\n\n\n\n<h2 class=\"wp-block-heading has-text-align-center\">Hizmetlerimiz<\/h2>\n\n\n\n<div class=\"wp-block-columns is-layout-flex wp-container-core-columns-is-layout-28f84493 wp-block-columns-is-layout-flex\">\n<div class=\"wp-block-column is-layout-flow wp-block-column-is-layout-flow\">\n<h2 class=\"wp-block-heading\">\u2699 ERP S\u00fcre\u00e7 Dan\u0131\u015fmanl\u0131\u011f\u0131<\/h2>\n\n\n\n<p>Mevcut ERP yap\u0131n\u0131z\u0131 analiz ederek i\u015f s\u00fcre\u00e7lerinizi daha verimli, s\u00fcrd\u00fcr\u00fclebilir ve y\u00f6netilebilir hale getiriyorum.<\/p>\n\n\n\n<h2 class=\"wp-block-heading\">\ud83d\udd17E-Ticaret Entegrasyonlar\u0131<\/h2>\n\n\n\n<p>Pazaryeri ve e-ticaret sitelerinizi ERP sisteminiz ile entegre ederek sipari\u015f ve stok s\u00fcre\u00e7lerini otomatikle\u015ftiriyorum.<\/p>\n<\/div>\n\n\n\n<div class=\"wp-block-column is-layout-flow wp-block-column-is-layout-flow\">\n<h2 class=\"wp-block-heading\">\ud83d\udce6Depo &amp; Operasyon Y\u00f6netimi<\/h2>\n\n\n\n<p>Depo, sevkiyat ve stok s\u00fcre\u00e7lerinizi sahaya uygun \u015fekilde optimize ederek operasyonel verimlili\u011fi art\u0131r\u0131yorum.<\/p>\n\n\n\n<h2 class=\"wp-block-heading\">\ud83d\udccaRaporlama &amp; Veri Analizi<\/h2>\n\n\n\n<p>SQL tabanl\u0131 \u00f6zel raporlar ile i\u015fletmenizin verilerini anlaml\u0131, takip edilebilir ve y\u00f6netilebilir hale getiriyorum.<\/p>\n<\/div>\n<\/div>\n\n\n\n<h2 class=\"wp-block-heading\">Neden Erplink ile \u00e7al\u0131\u015fmal\u0131s\u0131n\u0131z?<\/h2>\n\n\n\n<p>\u2714 Saha deneyimi ile ger\u00e7ek \u00e7\u00f6z\u00fcm yakla\u015f\u0131m\u0131<br>\u2714 Nebim V3 ERP uzmanl\u0131\u011f\u0131<br>\u2714 Entegrasyon ve s\u00fcre\u00e7 y\u00f6netimi tecr\u00fcbesi<br>\u2714 Operasyonel verimlilik odakl\u0131 \u00e7\u00f6z\u00fcmler<\/p>\n\n\n\n<h2 class=\"wp-block-heading\">Ger\u00e7ek operasyon tecr\u00fcbesi<\/h2>\n\n\n\n<p>Sadece sistem kurmuyorum; depo, ma\u011faza ve e-ticaret s\u00fcre\u00e7lerini sahada birebir y\u00f6netmi\u015f biri olarak \u00e7\u00f6z\u00fcmler \u00fcretiyorum.<\/p>\n\n\n\n<h2 class=\"wp-block-heading\">\u0130\u015fletmenizi bir \u00fcst seviyeye birlikte ta\u015f\u0131yal\u0131m<\/h2>\n\n\n\n<p>ERP, entegrasyon ve operasyon s\u00fcre\u00e7lerinizi birlikte optimize edelim.<\/p>\n\n\n\n<div style=\"height:100px\" aria-hidden=\"true\" class=\"wp-block-spacer\"><\/div>\n\n\n\n<h2 class=\"wp-block-heading has-text-align-center\">\u00dccretsiz \u00d6n G\u00f6r\u00fc\u015fme<\/h2>\n\n\n\n<p class=\"has-text-align-center\">\u0130\u015fletmenize \u00f6zel \u00e7\u00f6z\u00fcmler i\u00e7in h\u0131zl\u0131ca ileti\u015fime ge\u00e7in.<\/p>\n\n\n\n<div style=\"height:13px\" aria-hidden=\"true\" class=\"wp-block-spacer\"><\/div>\n\n\n\n<div style=\"text-align:center;\">\n  <a href=\"https:\/\/wa.me\/905416771191?text=Merhaba, ERP ve e-ticaret dan\u0131\u015fmanl\u0131\u011f\u0131 hakk\u0131nda bilgi almak istiyorum.\" target=\"_blank\" style=\"text-decoration:none; display:inline-flex; align-items:center; gap:8px; background:#25D366; color:white; padding:14px 28px; border-radius:6px; font-weight:600;\">\n    \ud83d\udcac WhatsApp\u2019tan Yaz\u0131n\n  <\/a>\n<\/div>\n\n\n\n<p><\/p>\n\n\n\n<p><\/p>\n\n\n\n<p><\/p>\n\n\n\n<p><\/p>\n","protected":false},"excerpt":{"rendered":"<p>Hizmetlerimiz \u2699 ERP S\u00fcre\u00e7 Dan\u0131\u015fmanl\u0131\u011f\u0131 Mevcut ERP yap\u0131n\u0131z\u0131 analiz ederek i\u015f s\u00fcre\u00e7lerinizi daha verimli, s\u00fcrd\u00fcr\u00fclebilir ve y\u00f6netilebilir hale getiriyorum. \ud83d\udd17E-Ticaret [&hellip;]<\/p>\n","protected":false},"author":1,"featured_media":0,"parent":0,"menu_order":0,"comment_status":"closed","ping_status":"closed","template":"","meta":{"site-sidebar-layout":"default","site-content-layout":"","ast-site-content-layout":"default","site-content-style":"unboxed","site-sidebar-style":"default","ast-global-header-display":"","ast-banner-title-visibility":"","ast-main-header-display":"","ast-hfb-above-header-display":"","ast-hfb-below-header-display":"","ast-hfb-mobile-header-display":"","site-post-title":"disabled","ast-breadcrumbs-content":"","ast-featured-img":"","footer-sml-layout":"","ast-disable-related-posts":"","theme-transparent-header-meta":"","adv-header-id-meta":"","stick-header-meta":"","header-above-stick-meta":"","header-main-stick-meta":"","header-below-stick-meta":"","astra-migrate-meta-layouts":"default","ast-page-background-enabled":"default","ast-page-background-meta":{"desktop":{"background-color":"var(--ast-global-color-5)","background-image":"","background-repeat":"repeat","background-position":"center center","background-size":"auto","background-attachment":"scroll","background-type":"","background-media":"","overlay-type":"","overlay-color":"","overlay-opacity":"","overlay-gradient":""},"tablet":{"background-color":"","background-image":"","background-repeat":"repeat","background-position":"center center","background-size":"auto","background-attachment":"scroll","background-type":"","background-media":"","overlay-type":"","overlay-color":"","overlay-opacity":"","overlay-gradient":""},"mobile":{"background-color":"","background-image":"","background-repeat":"repeat","background-position":"center center","background-size":"auto","background-attachment":"scroll","background-type":"","background-media":"","overlay-type":"","overlay-color":"","overlay-opacity":"","overlay-gradient":""}},"ast-content-background-meta":{"desktop":{"background-color":"var(--ast-global-color-4)","background-image":"","background-repeat":"repeat","background-position":"center center","background-size":"auto","background-attachment":"scroll","background-type":"","background-media":"","overlay-type":"","overlay-color":"","overlay-opacity":"","overlay-gradient":""},"tablet":{"background-color":"var(--ast-global-color-4)","background-image":"","background-repeat":"repeat","background-position":"center center","background-size":"auto","background-attachment":"scroll","background-type":"","background-media":"","overlay-type":"","overlay-color":"","overlay-opacity":"","overlay-gradient":""},"mobile":{"background-color":"var(--ast-global-color-4)","background-image":"","background-repeat":"repeat","background-position":"center center","background-size":"auto","background-attachment":"scroll","background-type":"","background-media":"","overlay-type":"","overlay-color":"","overlay-opacity":"","overlay-gradient":""}},"footnotes":""},"class_list":["post-6","page","type-page","status-publish","hentry"],"_links":{"self":[{"href":"https:\/\/www.erplink.com.tr\/index.php?rest_route=\/wp\/v2\/pages\/6","targetHints":{"allow":["GET"]}}],"collection":[{"href":"https:\/\/www.erplink.com.tr\/index.php?rest_route=\/wp\/v2\/pages"}],"about":[{"href":"https:\/\/www.erplink.com.tr\/index.php?rest_route=\/wp\/v2\/types\/page"}],"author":[{"embeddable":true,"href":"https:\/\/www.erplink.com.tr\/index.php?rest_route=\/wp\/v2\/users\/1"}],"replies":[{"embeddable":true,"href":"https:\/\/www.erplink.com.tr\/index.php?rest_route=%2Fwp%2Fv2%2Fcomments&post=6"}],"version-history":[{"count":58,"href":"https:\/\/www.erplink.com.tr\/index.php?rest_route=\/wp\/v2\/pages\/6\/revisions"}],"predecessor-version":[{"id":137,"href":"https:\/\/www.erplink.com.tr\/index.php?rest_route=\/wp\/v2\/pages\/6\/revisions\/137"}],"wp:attachment":[{"href":"https:\/\/www.erplink.com.tr\/index.php?rest_route=%2Fwp%2Fv2%2Fmedia&parent=6"}],"curies":[{"name":"wp","href":"https:\/\/api.w.org\/{rel}","templated":true}]}}