{"id":13,"date":"2026-04-30T23:33:33","date_gmt":"2026-04-30T23:33:33","guid":{"rendered":"http:\/\/www.erplink.com.tr\/?page_id=13"},"modified":"2026-05-04T15:57:04","modified_gmt":"2026-05-04T15:57:04","slug":"hakkimda","status":"publish","type":"page","link":"https:\/\/www.erplink.com.tr\/?page_id=13","title":{"rendered":"Hakk\u0131mda"},"content":{"rendered":"\n<div style=\"height:99px\" aria-hidden=\"true\" class=\"wp-block-spacer\"><\/div>\n\n\n\n<h2 class=\"wp-block-heading\">ERP &amp; E-Ticaret Dan\u0131\u015fman\u0131 | Nebim V3 Uzman\u0131<\/h2>\n\n\n\n<div style=\"height:33px\" aria-hidden=\"true\" class=\"wp-block-spacer\"><\/div>\n\n\n\n<p>Nebim V3 ERP, e-ticaret ve depo operasyonlar\u0131 alan\u0131nda aktif olarak saha deneyimi bulunan bir dan\u0131\u015fman\u0131m.<\/p>\n\n\n\n<p>\u0130\u015fletmelerin stok, sipari\u015f, entegrasyon ve operasyon s\u00fcre\u00e7lerini daha verimli hale getirmek i\u00e7in \u00e7\u00f6z\u00fcmler geli\u015ftiriyorum.<\/p>\n\n\n\n<div style=\"height:37px\" aria-hidden=\"true\" class=\"wp-block-spacer\"><\/div>\n\n\n\n<h3 class=\"wp-block-heading\">Amac\u0131m?<\/h3>\n\n\n\n<p>\u2714 \u0130\u015f s\u00fcre\u00e7lerini sadele\u015ftirmek, hatalar\u0131 azaltmak ve s\u00fcrd\u00fcr\u00fclebilir bir operasyon yap\u0131s\u0131 kurmakt\u0131r.<\/p>\n\n\n\n<h3 class=\"wp-block-heading\">Nas\u0131l \u00c7al\u0131\u015f\u0131yorum?<\/h3>\n\n\n\n<p>\u2714 S\u00fcre\u00e7leri analiz ederek do\u011fru yap\u0131 kurar\u0131m<br>\u2714 ERP ve operasyonu birlikte ele al\u0131r\u0131m<br>\u2714 Uygulanabilir ve s\u00fcrd\u00fcr\u00fclebilir \u00e7\u00f6z\u00fcmler \u00fcretirim<\/p>\n\n\n\n<h3 class=\"wp-block-heading\">Fark\u0131m Ne?<\/h3>\n\n\n\n<p>\u2714 Sadece yaz\u0131l\u0131m de\u011fil, s\u00fcre\u00e7 odakl\u0131 yakla\u015f\u0131m<br>\u2714 Depo ve e-ticaret operasyonlar\u0131nda saha deneyimi<br>\u2714 Nebim V3 ERP uzmanl\u0131\u011f\u0131<br>\u2714 Uygulanabilir ve ger\u00e7ek\u00e7i \u00e7\u00f6z\u00fcmler<\/p>\n\n\n\n<div style=\"height:80px\" aria-hidden=\"true\" class=\"wp-block-spacer\"><\/div>\n\n\n\n<h2 class=\"wp-block-heading has-text-align-center\">\u00dccretsiz \u00d6n G\u00f6r\u00fc\u015fme<\/h2>\n\n\n\n<p class=\"has-text-align-center\">\u0130\u015fletmenizin ERP ve operasyon s\u00fcre\u00e7lerini daha verimli hale getirmek i\u00e7in birlikte \u00e7al\u0131\u015fal\u0131m.<\/p>\n\n\n\n<div class=\"wp-block-buttons is-content-justification-center is-layout-flex wp-container-core-buttons-is-layout-a89b3969 wp-block-buttons-is-layout-flex\">\n<div class=\"wp-block-button\"><a class=\"wp-block-button__link has-vivid-green-cyan-background-color has-background has-text-align-center wp-element-button\" href=\"https:\/\/wa.me\/905416771191?text=Merhaba, ERP ve e-ticaret dan\u0131\u015fmanl\u0131\u011f\u0131 hakk\u0131nda bilgi almak istiyorum.\">\ud83d\udcac WhatsApp\u2019tan Yaz\u0131n<\/a><\/div>\n<\/div>\n\n\n\n<p><\/p>\n","protected":false},"excerpt":{"rendered":"<p>ERP &amp; E-Ticaret Dan\u0131\u015fman\u0131 | Nebim V3 Uzman\u0131 Nebim V3 ERP, e-ticaret ve depo operasyonlar\u0131 alan\u0131nda aktif olarak saha deneyimi [&hellip;]<\/p>\n","protected":false},"author":1,"featured_media":0,"parent":0,"menu_order":0,"comment_status":"closed","ping_status":"closed","template":"","meta":{"site-sidebar-layout":"default","site-content-layout":"","ast-site-content-layout":"default","site-content-style":"default","site-sidebar-style":"default","ast-global-header-display":"","ast-banner-title-visibility":"","ast-main-header-display":"","ast-hfb-above-header-display":"","ast-hfb-below-header-display":"","ast-hfb-mobile-header-display":"","site-post-title":"disabled","ast-breadcrumbs-content":"","ast-featured-img":"","footer-sml-layout":"","ast-disable-related-posts":"","theme-transparent-header-meta":"","adv-header-id-meta":"","stick-header-meta":"","header-above-stick-meta":"","header-main-stick-meta":"","header-below-stick-meta":"","astra-migrate-meta-layouts":"default","ast-page-background-enabled":"default","ast-page-background-meta":{"desktop":{"background-color":"var(--ast-global-color-5)","background-image":"","background-repeat":"repeat","background-position":"center center","background-size":"auto","background-attachment":"scroll","background-type":"","background-media":"","overlay-type":"","overlay-color":"","overlay-opacity":"","overlay-gradient":""},"tablet":{"background-color":"","background-image":"","background-repeat":"repeat","background-position":"center center","background-size":"auto","background-attachment":"scroll","background-type":"","background-media":"","overlay-type":"","overlay-color":"","overlay-opacity":"","overlay-gradient":""},"mobile":{"background-color":"","background-image":"","background-repeat":"repeat","background-position":"center center","background-size":"auto","background-attachment":"scroll","background-type":"","background-media":"","overlay-type":"","overlay-color":"","overlay-opacity":"","overlay-gradient":""}},"ast-content-background-meta":{"desktop":{"background-color":"var(--ast-global-color-4)","background-image":"","background-repeat":"repeat","background-position":"center center","background-size":"auto","background-attachment":"scroll","background-type":"","background-media":"","overlay-type":"","overlay-color":"","overlay-opacity":"","overlay-gradient":""},"tablet":{"background-color":"var(--ast-global-color-4)","background-image":"","background-repeat":"repeat","background-position":"center center","background-size":"auto","background-attachment":"scroll","background-type":"","background-media":"","overlay-type":"","overlay-color":"","overlay-opacity":"","overlay-gradient":""},"mobile":{"background-color":"var(--ast-global-color-4)","background-image":"","background-repeat":"repeat","background-position":"center center","background-size":"auto","background-attachment":"scroll","background-type":"","background-media":"","overlay-type":"","overlay-color":"","overlay-opacity":"","overlay-gradient":""}},"footnotes":""},"class_list":["post-13","page","type-page","status-publish","hentry"],"_links":{"self":[{"href":"https:\/\/www.erplink.com.tr\/index.php?rest_route=\/wp\/v2\/pages\/13","targetHints":{"allow":["GET"]}}],"collection":[{"href":"https:\/\/www.erplink.com.tr\/index.php?rest_route=\/wp\/v2\/pages"}],"about":[{"href":"https:\/\/www.erplink.com.tr\/index.php?rest_route=\/wp\/v2\/types\/page"}],"author":[{"embeddable":true,"href":"https:\/\/www.erplink.com.tr\/index.php?rest_route=\/wp\/v2\/users\/1"}],"replies":[{"embeddable":true,"href":"https:\/\/www.erplink.com.tr\/index.php?rest_route=%2Fwp%2Fv2%2Fcomments&post=13"}],"version-history":[{"count":10,"href":"https:\/\/www.erplink.com.tr\/index.php?rest_route=\/wp\/v2\/pages\/13\/revisions"}],"predecessor-version":[{"id":140,"href":"https:\/\/www.erplink.com.tr\/index.php?rest_route=\/wp\/v2\/pages\/13\/revisions\/140"}],"wp:attachment":[{"href":"https:\/\/www.erplink.com.tr\/index.php?rest_route=%2Fwp%2Fv2%2Fmedia&parent=13"}],"curies":[{"name":"wp","href":"https:\/\/api.w.org\/{rel}","templated":true}]}}