{"id":11,"date":"2026-04-30T23:32:52","date_gmt":"2026-04-30T23:32:52","guid":{"rendered":"http:\/\/www.erplink.com.tr\/?page_id=11"},"modified":"2026-04-30T23:39:09","modified_gmt":"2026-04-30T23:39:09","slug":"hizmetler","status":"publish","type":"page","link":"https:\/\/www.erplink.com.tr\/?page_id=11","title":{"rendered":"Hizmetler"},"content":{"rendered":"\n<p>Nebim V3 ERP s\u00fcre\u00e7lerinizi u\u00e7tan uca y\u00f6netiyor,<br>i\u015fletmenizin operasyonel verimlili\u011fini art\u0131r\u0131yorum.<\/p>\n\n\n\n<p>Hizmetlerim:<\/p>\n\n\n\n<ul class=\"wp-block-list\">\n<li>Nebim V3 ERP Dan\u0131\u015fmanl\u0131\u011f\u0131<\/li>\n\n\n\n<li>E-Ticaret (Pazaryeri &amp; Web) Entegrasyonlar\u0131<\/li>\n\n\n\n<li>e-Fatura, e-Ar\u015fiv ve e-\u0130rsaliye Entegrasyonlar\u0131<\/li>\n\n\n\n<li>\u00dcr\u00fcn, Stok Kart\u0131 ve Kategori Y\u00f6netimi<\/li>\n\n\n\n<li>Depo ve Stok Y\u00f6netimi S\u00fcre\u00e7leri<\/li>\n\n\n\n<li>Sipari\u015f &amp; Sevkiyat Y\u00f6netimi<\/li>\n\n\n\n<li>\u00d6zel Raporlama ve S\u00fcre\u00e7 \u0130yile\u015ftirme<\/li>\n<\/ul>\n\n\n\n<p><\/p>\n","protected":false},"excerpt":{"rendered":"<p>Nebim V3 ERP s\u00fcre\u00e7lerinizi u\u00e7tan uca y\u00f6netiyor,i\u015fletmenizin operasyonel verimlili\u011fini art\u0131r\u0131yorum. Hizmetlerim:<\/p>\n","protected":false},"author":1,"featured_media":0,"parent":0,"menu_order":0,"comment_status":"closed","ping_status":"closed","template":"","meta":{"site-sidebar-layout":"default","site-content-layout":"","ast-site-content-layout":"default","site-content-style":"default","site-sidebar-style":"default","ast-global-header-display":"","ast-banner-title-visibility":"","ast-main-header-display":"","ast-hfb-above-header-display":"","ast-hfb-below-header-display":"","ast-hfb-mobile-header-display":"","site-post-title":"","ast-breadcrumbs-content":"","ast-featured-img":"","footer-sml-layout":"","ast-disable-related-posts":"","theme-transparent-header-meta":"","adv-header-id-meta":"","stick-header-meta":"","header-above-stick-meta":"","header-main-stick-meta":"","header-below-stick-meta":"","astra-migrate-meta-layouts":"default","ast-page-background-enabled":"default","ast-page-background-meta":{"desktop":{"background-color":"var(--ast-global-color-5)","background-image":"","background-repeat":"repeat","background-position":"center center","background-size":"auto","background-attachment":"scroll","background-type":"","background-media":"","overlay-type":"","overlay-color":"","overlay-opacity":"","overlay-gradient":""},"tablet":{"background-color":"","background-image":"","background-repeat":"repeat","background-position":"center center","background-size":"auto","background-attachment":"scroll","background-type":"","background-media":"","overlay-type":"","overlay-color":"","overlay-opacity":"","overlay-gradient":""},"mobile":{"background-color":"","background-image":"","background-repeat":"repeat","background-position":"center center","background-size":"auto","background-attachment":"scroll","background-type":"","background-media":"","overlay-type":"","overlay-color":"","overlay-opacity":"","overlay-gradient":""}},"ast-content-background-meta":{"desktop":{"background-color":"var(--ast-global-color-4)","background-image":"","background-repeat":"repeat","background-position":"center center","background-size":"auto","background-attachment":"scroll","background-type":"","background-media":"","overlay-type":"","overlay-color":"","overlay-opacity":"","overlay-gradient":""},"tablet":{"background-color":"var(--ast-global-color-4)","background-image":"","background-repeat":"repeat","background-position":"center center","background-size":"auto","background-attachment":"scroll","background-type":"","background-media":"","overlay-type":"","overlay-color":"","overlay-opacity":"","overlay-gradient":""},"mobile":{"background-color":"var(--ast-global-color-4)","background-image":"","background-repeat":"repeat","background-position":"center center","background-size":"auto","background-attachment":"scroll","background-type":"","background-media":"","overlay-type":"","overlay-color":"","overlay-opacity":"","overlay-gradient":""}},"footnotes":""},"class_list":["post-11","page","type-page","status-publish","hentry"],"_links":{"self":[{"href":"https:\/\/www.erplink.com.tr\/index.php?rest_route=\/wp\/v2\/pages\/11","targetHints":{"allow":["GET"]}}],"collection":[{"href":"https:\/\/www.erplink.com.tr\/index.php?rest_route=\/wp\/v2\/pages"}],"about":[{"href":"https:\/\/www.erplink.com.tr\/index.php?rest_route=\/wp\/v2\/types\/page"}],"author":[{"embeddable":true,"href":"https:\/\/www.erplink.com.tr\/index.php?rest_route=\/wp\/v2\/users\/1"}],"replies":[{"embeddable":true,"href":"https:\/\/www.erplink.com.tr\/index.php?rest_route=%2Fwp%2Fv2%2Fcomments&post=11"}],"version-history":[{"count":2,"href":"https:\/\/www.erplink.com.tr\/index.php?rest_route=\/wp\/v2\/pages\/11\/revisions"}],"predecessor-version":[{"id":18,"href":"https:\/\/www.erplink.com.tr\/index.php?rest_route=\/wp\/v2\/pages\/11\/revisions\/18"}],"wp:attachment":[{"href":"https:\/\/www.erplink.com.tr\/index.php?rest_route=%2Fwp%2Fv2%2Fmedia&parent=11"}],"curies":[{"name":"wp","href":"https:\/\/api.w.org\/{rel}","templated":true}]}}